{"id":269,"date":"2022-06-12T12:02:55","date_gmt":"2022-06-12T12:02:55","guid":{"rendered":"https:\/\/www.kanova.hr\/?page_id=269"},"modified":"2022-11-08T07:27:36","modified_gmt":"2022-11-08T07:27:36","slug":"vodenje-projekata-gradnje","status":"publish","type":"page","link":"https:\/\/www.kanova.hr\/?page_id=269","title":{"rendered":"VO\u0110ENJE PROJEKATA"},"content":{"rendered":"<p>[et_pb_section fb_built=&#8221;1&#8243; fullwidth=&#8221;on&#8221; admin_label=&#8221;Page Header&#8221; _builder_version=&#8221;4.17.4&#8243; _module_preset=&#8221;default&#8221; background_image=&#8221;http:\/\/www.kanova.hr\/wp-content\/uploads\/2022\/06\/kanova_.jpg&#8221; parallax=&#8221;on&#8221; filter_hue_rotate=&#8221;336deg&#8221; filter_saturate=&#8221;16%&#8221; filter_brightness=&#8221;121%&#8221; global_colors_info=&#8221;{}&#8221;][et_pb_fullwidth_header title=&#8221;VO\u0110ENJE PROJEKATA GRADNJE&#8221; text_orientation=&#8221;center&#8221; admin_label=&#8221;Hero Section&#8221; _builder_version=&#8221;4.17.4&#8243; _module_preset=&#8221;default&#8221; title_font=&#8221;Montserrat|on|||&#8221; title_font_size=&#8221;40px&#8221; title_line_height=&#8221;1.4em&#8221; content_font_size=&#8221;20px&#8221; content_line_height=&#8221;1.8em&#8221; subhead_font=&#8221;||||&#8221; background_color=&#8221;rgba(255, 255, 255, 0)&#8221; use_background_color_gradient=&#8221;on&#8221; background_color_gradient_stops=&#8221;rgba(58,52,226,0.93) 0%|rgba(73,108,220,0.7) 100%&#8221; background_color_gradient_start=&#8221;rgba(58,52,226,0.93)&#8221; background_color_gradient_end=&#8221;rgba(73,108,220,0.7)&#8221; custom_button_one=&#8221;on&#8221; button_one_text_size=&#8221;16px&#8221; button_one_bg_color=&#8221;#6eba01&#8243; button_one_border_width=&#8221;2px&#8221; button_one_border_color=&#8221;#6eba01&#8243; button_one_border_radius=&#8221;0&#8243; button_one_letter_spacing=&#8221;2&#8243; button_one_font=&#8221;Montserrat|||on|&#8221; button_one_use_icon=&#8221;off&#8221; custom_button_two=&#8221;on&#8221; button_two_text_size=&#8221;16px&#8221; button_two_border_width=&#8221;2px&#8221; button_two_border_color=&#8221;#ffffff&#8221; button_two_border_radius=&#8221;0&#8243; button_two_letter_spacing=&#8221;2&#8243; button_two_font=&#8221;Montserrat|||on|&#8221; button_two_use_icon=&#8221;off&#8221; width=&#8221;100%&#8221; module_alignment=&#8221;left&#8221; animation_style=&#8221;fade&#8221; button_one_text_color_hover=&#8221;#6eba01&#8243; button_two_text_color_hover=&#8221;#6eba01&#8243; button_one_border_color_hover=&#8221;#ffffff&#8221; button_two_border_color_hover=&#8221;#ffffff&#8221; button_one_border_radius_hover=&#8221;0&#8243; button_two_border_radius_hover=&#8221;0&#8243; button_one_letter_spacing_hover=&#8221;2&#8243; button_two_letter_spacing_hover=&#8221;2&#8243; button_one_bg_color_hover=&#8221;#ffffff&#8221; button_two_bg_color_hover=&#8221;#ffffff&#8221; global_colors_info=&#8221;{}&#8221; button_one_text_size__hover_enabled=&#8221;off&#8221; button_two_text_size__hover_enabled=&#8221;off&#8221; button_one_text_color__hover_enabled=&#8221;on&#8221; button_one_text_color__hover=&#8221;#6eba01&#8243; button_two_text_color__hover_enabled=&#8221;on&#8221; button_two_text_color__hover=&#8221;#6eba01&#8243; button_one_border_width__hover_enabled=&#8221;off&#8221; button_two_border_width__hover_enabled=&#8221;off&#8221; button_one_border_color__hover_enabled=&#8221;on&#8221; button_one_border_color__hover=&#8221;#ffffff&#8221; button_two_border_color__hover_enabled=&#8221;on&#8221; button_two_border_color__hover=&#8221;#ffffff&#8221; button_one_border_radius__hover_enabled=&#8221;on&#8221; button_one_border_radius__hover=&#8221;0&#8243; button_two_border_radius__hover_enabled=&#8221;on&#8221; button_two_border_radius__hover=&#8221;0&#8243; button_one_letter_spacing__hover_enabled=&#8221;on&#8221; button_one_letter_spacing__hover=&#8221;2&#8243; button_two_letter_spacing__hover_enabled=&#8221;on&#8221; button_two_letter_spacing__hover=&#8221;2&#8243; button_one_bg_color__hover_enabled=&#8221;on&#8221; button_one_bg_color__hover=&#8221;#ffffff&#8221; button_two_bg_color__hover_enabled=&#8221;on&#8221; button_two_bg_color__hover=&#8221;#ffffff&#8221;][\/et_pb_fullwidth_header][\/et_pb_section][et_pb_section fb_built=&#8221;1&#8243; admin_label=&#8221;FAQ&#8221; _builder_version=&#8221;4.16&#8243; _module_preset=&#8221;default&#8221; custom_padding=&#8221;90px|0px|90px|0px&#8221; locked=&#8221;off&#8221; global_colors_info=&#8221;{}&#8221;][et_pb_row _builder_version=&#8221;4.18.1&#8243; _module_preset=&#8221;default&#8221; global_colors_info=&#8221;{}&#8221;][et_pb_column type=&#8221;4_4&#8243; _builder_version=&#8221;4.18.1&#8243; _module_preset=&#8221;default&#8221; global_colors_info=&#8221;{}&#8221;][et_pb_gallery gallery_ids=&#8221;442,441,443,440,439,444,446,445&#8243; _builder_version=&#8221;4.19.0&#8243; _module_preset=&#8221;default&#8221; global_colors_info=&#8221;{}&#8221;][\/et_pb_gallery][\/et_pb_column][\/et_pb_row][et_pb_row _builder_version=&#8221;4.18.1&#8243; _module_preset=&#8221;default&#8221; background_size=&#8221;initial&#8221; background_position=&#8221;top_left&#8221; background_repeat=&#8221;repeat&#8221; custom_padding=&#8221;20px|0px|20px|0px|false|false&#8221; global_colors_info=&#8221;{}&#8221;][et_pb_column type=&#8221;4_4&#8243; _builder_version=&#8221;4.16&#8243; _module_preset=&#8221;default&#8221; custom_padding=&#8221;|||&#8221; global_colors_info=&#8221;{}&#8221; custom_padding__hover=&#8221;|||&#8221;][et_pb_text _builder_version=&#8221;4.19.0&#8243; _module_preset=&#8221;default&#8221; text_font_size=&#8221;16px&#8221; global_colors_info=&#8221;{}&#8221;]<\/p>\n<p>Djelatnost upravljanja projektom gradnje obuhva\u0107a sljede\u0107e poslove:<\/p>\n<p>&nbsp;<\/p>\n<ul style=\"text-align: justify;\">\n<li>financijsko, pravno i tehni\u010dko savjetovanje u vezi s projektiranjem, gra\u0111enjem, uporabom i uklanjanjem gra\u0111evina<\/li>\n<li>financijska, pravna i tehni\u010dka priprema i planiranje poslova u vezi s gradnjom te pra\u0107enje provo\u0111enja tog plana<\/li>\n<li>programiranje i planiranje u fazi koncipiranja projekta \u0161to uklju\u010duje prikupljanje podataka, razvoj programa projekta i pra\u0107enje provo\u0111enje tog programa<\/li>\n<li>savjetovanje, odabir i ugovaranje poslova za projektanta, revidenta, nadzornog in\u017eenjera, izvo\u0111a\u010da, ovla\u0161tenog in\u017eenjera geodezije i drugih osoba koje obavljaju poslove u vezi s gradnjom gra\u0111evina te savjetovanje u ugovaranju poslova s tim osobama<\/li>\n<li>povezivanje i uskla\u0111ivanje rada projektanta, revidenta, nadzornog in\u017eenjera, izvo\u0111a\u010da, ovla\u0161tenog in\u017eenjera geodezije i drugih osoba koje sudjeluju u gradnji te nadzor nad njihovim radom u svrhu za\u0161tite prava i interesa investitora<\/li>\n<li>pribavljanje akata, analiza, studija, elaborata i drugih dokumenata potrebnih za izradu idejnog, glavnog i izvedbenog projekta te projekta uklanjanja gra\u0111evine<\/li>\n<li>pribavljanje svih dokumenata i sklapanje svih pravnih poslova potrebnih za izdavanje akata za provo\u0111enje prostornih planova, gra\u0111enja, uporabu i\/ili uklanjanje gra\u0111evina i pribavljanje tih akata<\/li>\n<li>pribavljanje svih dokumenata i sklapanje svih pravnih poslova potrebnih za gra\u0111enje gra\u0111evine te obavljanje radnji koje je investitor du\u017ean obavljati tijekom gra\u0111enja gra\u0111evine<\/li>\n<li>razvoj sustava kontrole projekta te pra\u0107enje i kontrola realizacije, \u0161to uklju\u010duje izradu i prikaz planiranog vremenskog izvr\u0161enja s anga\u017eiranim resursima, a\u017euriranje po\u010detno planiranog u odnosu na realizaciju projekta, dinami\u010dku analizu rizika kroz cjelo\u017eivotni vijek projekta, izvje\u0161\u0107a o kontroli kvalitete ostvarenja investicija, prijedloge rje\u0161enja teku\u0107ih ili predvi\u0111enih problema u vremenskom, tehnolo\u0161kom i tro\u0161kovnom aspektu realizacije.<\/li>\n<\/ul>\n<p>[\/et_pb_text][\/et_pb_column][\/et_pb_row][\/et_pb_section]<\/p>\n","protected":false},"excerpt":{"rendered":"<p>Djelatnost upravljanja projektom gradnje obuhva\u0107a sljede\u0107e poslove: &nbsp; financijsko, pravno i tehni\u010dko savjetovanje u vezi s projektiranjem, gra\u0111enjem, uporabom i uklanjanjem gra\u0111evina financijska, pravna i tehni\u010dka priprema i planiranje poslova u vezi s gradnjom te pra\u0107enje provo\u0111enja tog plana programiranje i planiranje u fazi koncipiranja projekta \u0161to uklju\u010duje prikupljanje podataka, razvoj programa projekta i pra\u0107enje [&hellip;]<\/p>\n","protected":false},"author":1,"featured_media":0,"parent":0,"menu_order":0,"comment_status":"closed","ping_status":"closed","template":"","meta":{"_et_pb_use_builder":"on","_et_pb_old_content":"","_et_gb_content_width":"","footnotes":""},"class_list":["post-269","page","type-page","status-publish","hentry"],"_links":{"self":[{"href":"https:\/\/www.kanova.hr\/index.php?rest_route=\/wp\/v2\/pages\/269"}],"collection":[{"href":"https:\/\/www.kanova.hr\/index.php?rest_route=\/wp\/v2\/pages"}],"about":[{"href":"https:\/\/www.kanova.hr\/index.php?rest_route=\/wp\/v2\/types\/page"}],"author":[{"embeddable":true,"href":"https:\/\/www.kanova.hr\/index.php?rest_route=\/wp\/v2\/users\/1"}],"replies":[{"embeddable":true,"href":"https:\/\/www.kanova.hr\/index.php?rest_route=%2Fwp%2Fv2%2Fcomments&post=269"}],"version-history":[{"count":11,"href":"https:\/\/www.kanova.hr\/index.php?rest_route=\/wp\/v2\/pages\/269\/revisions"}],"predecessor-version":[{"id":463,"href":"https:\/\/www.kanova.hr\/index.php?rest_route=\/wp\/v2\/pages\/269\/revisions\/463"}],"wp:attachment":[{"href":"https:\/\/www.kanova.hr\/index.php?rest_route=%2Fwp%2Fv2%2Fmedia&parent=269"}],"curies":[{"name":"wp","href":"https:\/\/api.w.org\/{rel}","templated":true}]}}