{"id":293,"date":"2022-06-12T12:25:40","date_gmt":"2022-06-12T12:25:40","guid":{"rendered":"https:\/\/www.kanova.hr\/?page_id=293"},"modified":"2022-11-07T14:23:04","modified_gmt":"2022-11-07T14:23:04","slug":"nadzor-gradilista","status":"publish","type":"page","link":"https:\/\/www.kanova.hr\/?page_id=293","title":{"rendered":"NADZOR GRADILI\u0160TA"},"content":{"rendered":"<p>[et_pb_section fb_built=&#8221;1&#8243; fullwidth=&#8221;on&#8221; admin_label=&#8221;Page Header&#8221; _builder_version=&#8221;4.17.4&#8243; _module_preset=&#8221;default&#8221; background_image=&#8221;http:\/\/www.kanova.hr\/wp-content\/uploads\/2022\/06\/kanova_.jpg&#8221; parallax=&#8221;on&#8221; filter_hue_rotate=&#8221;336deg&#8221; filter_saturate=&#8221;16%&#8221; filter_brightness=&#8221;121%&#8221; global_colors_info=&#8221;{}&#8221;][et_pb_fullwidth_header title=&#8221;STRU\u010cNI NADZOR GRADNJE&#8221; text_orientation=&#8221;center&#8221; admin_label=&#8221;Hero Section&#8221; _builder_version=&#8221;4.17.4&#8243; _module_preset=&#8221;default&#8221; title_font=&#8221;Montserrat|on|||&#8221; title_font_size=&#8221;40px&#8221; title_line_height=&#8221;1.4em&#8221; content_font_size=&#8221;20px&#8221; content_line_height=&#8221;1.8em&#8221; subhead_font=&#8221;||||&#8221; background_color=&#8221;rgba(255, 255, 255, 0)&#8221; use_background_color_gradient=&#8221;on&#8221; background_color_gradient_stops=&#8221;rgba(58,52,226,0.93) 0%|rgba(73,108,220,0.7) 100%&#8221; background_color_gradient_start=&#8221;rgba(58,52,226,0.93)&#8221; background_color_gradient_end=&#8221;rgba(73,108,220,0.7)&#8221; custom_button_one=&#8221;on&#8221; button_one_text_size=&#8221;16px&#8221; button_one_bg_color=&#8221;#6eba01&#8243; button_one_border_width=&#8221;2px&#8221; button_one_border_color=&#8221;#6eba01&#8243; button_one_border_radius=&#8221;0&#8243; button_one_letter_spacing=&#8221;2&#8243; button_one_font=&#8221;Montserrat|||on|&#8221; button_one_use_icon=&#8221;off&#8221; custom_button_two=&#8221;on&#8221; button_two_text_size=&#8221;16px&#8221; button_two_border_width=&#8221;2px&#8221; button_two_border_color=&#8221;#ffffff&#8221; button_two_border_radius=&#8221;0&#8243; button_two_letter_spacing=&#8221;2&#8243; button_two_font=&#8221;Montserrat|||on|&#8221; button_two_use_icon=&#8221;off&#8221; width=&#8221;100%&#8221; module_alignment=&#8221;left&#8221; animation_style=&#8221;fade&#8221; button_one_text_color_hover=&#8221;#6eba01&#8243; button_two_text_color_hover=&#8221;#6eba01&#8243; button_one_border_color_hover=&#8221;#ffffff&#8221; button_two_border_color_hover=&#8221;#ffffff&#8221; button_one_border_radius_hover=&#8221;0&#8243; button_two_border_radius_hover=&#8221;0&#8243; button_one_letter_spacing_hover=&#8221;2&#8243; button_two_letter_spacing_hover=&#8221;2&#8243; button_one_bg_color_hover=&#8221;#ffffff&#8221; button_two_bg_color_hover=&#8221;#ffffff&#8221; global_colors_info=&#8221;{}&#8221; button_one_text_size__hover_enabled=&#8221;off&#8221; button_two_text_size__hover_enabled=&#8221;off&#8221; button_one_text_color__hover_enabled=&#8221;on&#8221; button_one_text_color__hover=&#8221;#6eba01&#8243; button_two_text_color__hover_enabled=&#8221;on&#8221; button_two_text_color__hover=&#8221;#6eba01&#8243; button_one_border_width__hover_enabled=&#8221;off&#8221; button_two_border_width__hover_enabled=&#8221;off&#8221; button_one_border_color__hover_enabled=&#8221;on&#8221; button_one_border_color__hover=&#8221;#ffffff&#8221; button_two_border_color__hover_enabled=&#8221;on&#8221; button_two_border_color__hover=&#8221;#ffffff&#8221; button_one_border_radius__hover_enabled=&#8221;on&#8221; button_one_border_radius__hover=&#8221;0&#8243; button_two_border_radius__hover_enabled=&#8221;on&#8221; button_two_border_radius__hover=&#8221;0&#8243; button_one_letter_spacing__hover_enabled=&#8221;on&#8221; button_one_letter_spacing__hover=&#8221;2&#8243; button_two_letter_spacing__hover_enabled=&#8221;on&#8221; button_two_letter_spacing__hover=&#8221;2&#8243; button_one_bg_color__hover_enabled=&#8221;on&#8221; button_one_bg_color__hover=&#8221;#ffffff&#8221; button_two_bg_color__hover_enabled=&#8221;on&#8221; button_two_bg_color__hover=&#8221;#ffffff&#8221;][\/et_pb_fullwidth_header][\/et_pb_section][et_pb_section fb_built=&#8221;1&#8243; admin_label=&#8221;FAQ&#8221; _builder_version=&#8221;4.16&#8243; _module_preset=&#8221;default&#8221; custom_padding=&#8221;90px|0px|90px|0px&#8221; locked=&#8221;off&#8221; global_colors_info=&#8221;{}&#8221;][et_pb_row _builder_version=&#8221;4.18.1&#8243; _module_preset=&#8221;default&#8221; background_size=&#8221;initial&#8221; background_position=&#8221;top_left&#8221; background_repeat=&#8221;repeat&#8221; custom_padding=&#8221;20px|0px|20px|0px|false|false&#8221; global_colors_info=&#8221;{}&#8221;][et_pb_column type=&#8221;4_4&#8243; _builder_version=&#8221;4.16&#8243; _module_preset=&#8221;default&#8221; custom_padding=&#8221;|||&#8221; global_colors_info=&#8221;{}&#8221; custom_padding__hover=&#8221;|||&#8221;][et_pb_gallery gallery_ids=&#8221;427,429,426,425,428,430,424,423&#8243; _builder_version=&#8221;4.18.1&#8243; _module_preset=&#8221;default&#8221; global_colors_info=&#8221;{}&#8221;][\/et_pb_gallery][et_pb_text admin_label=&#8221;Question&#8221; _builder_version=&#8221;4.18.1&#8243; _module_preset=&#8221;default&#8221; text_font_size=&#8221;16px&#8221; text_line_height=&#8221;1.9em&#8221; header_font=&#8221;Montserrat|on|||&#8221; header_text_color=&#8221;#1f1f1f&#8221; header_font_size=&#8221;18px&#8221; header_line_height=&#8221;1.4em&#8221; background_size=&#8221;initial&#8221; background_position=&#8221;top_left&#8221; background_repeat=&#8221;repeat&#8221; module_alignment=&#8221;center&#8221; custom_padding=&#8221;0px|||||&#8221; animation_style=&#8221;fold&#8221; animation_direction=&#8221;bottom&#8221; animation_intensity_fold=&#8221;20%&#8221; hover_enabled=&#8221;0&#8243; global_colors_info=&#8221;{}&#8221; sticky_enabled=&#8221;0&#8243;]<\/p>\n<p style=\"text-align: justify;\"><span>Ukoliko Vam je potreban stru\u010dni nadzor nad izvo\u0111enjem bilo kojih vrsta radova (gra\u0111evinski, elektroinstalacije, strojarske instalacije), kontaktirajte nas kako biste se mogli informirati u kojem opsegu Vam je potreban stru\u010dni nadzor izvo\u0111enja radova odnosno da li Vam je uop\u0107e (zakonski) potreban.<\/span><\/p>\n<p>[\/et_pb_text][et_pb_divider color=&#8221;#E02B20&#8243; divider_weight=&#8221;3px&#8221; disabled_on=&#8221;off|off|off&#8221; _builder_version=&#8221;4.17.4&#8243; _module_preset=&#8221;default&#8221; background_color_gradient_direction=&#8221;90deg&#8221; max_width=&#8221;100px&#8221; module_alignment=&#8221;center&#8221; height=&#8221;5px&#8221; custom_margin=&#8221;0px||20px||false|false&#8221; custom_padding=&#8221;20px||20px||false|false&#8221; animation_style=&#8221;slide&#8221; animation_direction=&#8221;bottom&#8221; saved_tabs=&#8221;all&#8221; locked=&#8221;off&#8221; global_colors_info=&#8221;{}&#8221;]<\/p>\n<h1>Djelatnost upravljanja projektom gradnje obuhva\u0107a sljede\u0107e poslove:<\/h1>\n<p>[\/et_pb_divider][\/et_pb_column][\/et_pb_row][et_pb_row column_structure=&#8221;1_2,1_2&#8243; _builder_version=&#8221;4.17.4&#8243; _module_preset=&#8221;default&#8221; background_size=&#8221;initial&#8221; background_position=&#8221;top_left&#8221; background_repeat=&#8221;repeat&#8221; custom_padding=&#8221;20px|0px|20px|0px|false|false&#8221; global_colors_info=&#8221;{}&#8221;][et_pb_column type=&#8221;1_2&#8243; _builder_version=&#8221;4.16&#8243; _module_preset=&#8221;default&#8221; custom_padding=&#8221;|||&#8221; global_colors_info=&#8221;{}&#8221; custom_padding__hover=&#8221;|||&#8221;][et_pb_text admin_label=&#8221;Question&#8221; _builder_version=&#8221;4.17.4&#8243; _module_preset=&#8221;default&#8221; text_font_size=&#8221;16px&#8221; text_line_height=&#8221;1.9em&#8221; header_font=&#8221;Montserrat|on|||&#8221; header_text_color=&#8221;#1f1f1f&#8221; header_font_size=&#8221;18px&#8221; header_line_height=&#8221;1.4em&#8221; background_size=&#8221;initial&#8221; background_position=&#8221;top_left&#8221; background_repeat=&#8221;repeat&#8221; max_width=&#8221;710px&#8221; module_alignment=&#8221;center&#8221; animation_style=&#8221;fold&#8221; animation_direction=&#8221;bottom&#8221; animation_delay=&#8221;100ms&#8221; animation_intensity_fold=&#8221;20%&#8221; locked=&#8221;off&#8221; global_colors_info=&#8221;{}&#8221;]<\/p>\n<p><span>U okviru stru\u010dnog nadzora gra\u0111enja obavljamo slijede\u0107e usluge:<\/span><\/p>\n<ul>\n<li><span>stru\u010dni nadzor nad izvedbom nosive konstrukcije<\/span><\/li>\n<li><span>stru\u010dni nadzor nad gra\u0111evinsko-obrtni\u010dkim radovima<\/span><\/li>\n<li><span>stru\u010dni nadzor nad izvo\u0111enjem elektroinstalacija i strojarskih instalacija u suradnji sa stru\u010dnjacima elektro i strojarske struke<\/span><\/li>\n<li><span>kontrola ugovornih obaveza izvo\u0111a\u010da i podizvo\u0111a\u010da radova<\/span><\/li>\n<li><span>kontrola tijeka radova i kvalitete izvedenih radova<\/span><\/li>\n<\/ul>\n<p>[\/et_pb_text][\/et_pb_column][et_pb_column type=&#8221;1_2&#8243; _builder_version=&#8221;4.16&#8243; _module_preset=&#8221;default&#8221; custom_padding=&#8221;|||&#8221; global_colors_info=&#8221;{}&#8221; custom_padding__hover=&#8221;|||&#8221;][\/et_pb_column][\/et_pb_row][\/et_pb_section]<\/p>\n","protected":false},"excerpt":{"rendered":"<p>Ukoliko Vam je potreban stru\u010dni nadzor nad izvo\u0111enjem bilo kojih vrsta radova (gra\u0111evinski, elektroinstalacije, strojarske instalacije), kontaktirajte nas kako biste se mogli informirati u kojem opsegu Vam je potreban stru\u010dni nadzor izvo\u0111enja radova odnosno da li Vam je uop\u0107e (zakonski) potreban.Djelatnost upravljanja projektom gradnje obuhva\u0107a sljede\u0107e poslove:U okviru stru\u010dnog nadzora gra\u0111enja obavljamo slijede\u0107e usluge: stru\u010dni [&hellip;]<\/p>\n","protected":false},"author":1,"featured_media":0,"parent":0,"menu_order":0,"comment_status":"closed","ping_status":"closed","template":"","meta":{"_et_pb_use_builder":"on","_et_pb_old_content":"","_et_gb_content_width":"","footnotes":""},"class_list":["post-293","page","type-page","status-publish","hentry"],"_links":{"self":[{"href":"https:\/\/www.kanova.hr\/index.php?rest_route=\/wp\/v2\/pages\/293"}],"collection":[{"href":"https:\/\/www.kanova.hr\/index.php?rest_route=\/wp\/v2\/pages"}],"about":[{"href":"https:\/\/www.kanova.hr\/index.php?rest_route=\/wp\/v2\/types\/page"}],"author":[{"embeddable":true,"href":"https:\/\/www.kanova.hr\/index.php?rest_route=\/wp\/v2\/users\/1"}],"replies":[{"embeddable":true,"href":"https:\/\/www.kanova.hr\/index.php?rest_route=%2Fwp%2Fv2%2Fcomments&post=293"}],"version-history":[{"count":9,"href":"https:\/\/www.kanova.hr\/index.php?rest_route=\/wp\/v2\/pages\/293\/revisions"}],"predecessor-version":[{"id":432,"href":"https:\/\/www.kanova.hr\/index.php?rest_route=\/wp\/v2\/pages\/293\/revisions\/432"}],"wp:attachment":[{"href":"https:\/\/www.kanova.hr\/index.php?rest_route=%2Fwp%2Fv2%2Fmedia&parent=293"}],"curies":[{"name":"wp","href":"https:\/\/api.w.org\/{rel}","templated":true}]}}