{"id":305,"date":"2022-06-12T12:31:30","date_gmt":"2022-06-12T12:31:30","guid":{"rendered":"https:\/\/www.kanova.hr\/?page_id=305"},"modified":"2023-10-13T07:42:38","modified_gmt":"2023-10-13T07:42:38","slug":"energetski-certifikati","status":"publish","type":"page","link":"https:\/\/www.kanova.hr\/?page_id=305","title":{"rendered":"ENERGETSKI CERTIFIKATI"},"content":{"rendered":"<p>[et_pb_section fb_built=&#8221;1&#8243; fullwidth=&#8221;on&#8221; admin_label=&#8221;Page Header&#8221; _builder_version=&#8221;4.17.4&#8243; _module_preset=&#8221;default&#8221; background_image=&#8221;http:\/\/www.kanova.hr\/wp-content\/uploads\/2022\/06\/kanova_.jpg&#8221; parallax=&#8221;on&#8221; filter_hue_rotate=&#8221;336deg&#8221; filter_saturate=&#8221;16%&#8221; filter_brightness=&#8221;121%&#8221; global_colors_info=&#8221;{}&#8221;][et_pb_fullwidth_header title=&#8221;ENERGETSKI CERTIFIKATI&#8221; text_orientation=&#8221;center&#8221; admin_label=&#8221;Hero Section&#8221; _builder_version=&#8221;4.17.4&#8243; _module_preset=&#8221;default&#8221; title_font=&#8221;Montserrat|on|||&#8221; title_font_size=&#8221;40px&#8221; title_line_height=&#8221;1.4em&#8221; content_font_size=&#8221;20px&#8221; content_line_height=&#8221;1.8em&#8221; subhead_font=&#8221;||||&#8221; background_color=&#8221;rgba(255, 255, 255, 0)&#8221; use_background_color_gradient=&#8221;on&#8221; background_color_gradient_stops=&#8221;rgba(58,52,226,0.93) 0%|rgba(73,108,220,0.7) 100%&#8221; background_color_gradient_start=&#8221;rgba(58,52,226,0.93)&#8221; background_color_gradient_end=&#8221;rgba(73,108,220,0.7)&#8221; custom_button_one=&#8221;on&#8221; button_one_text_size=&#8221;16px&#8221; button_one_bg_color=&#8221;#6eba01&#8243; button_one_border_width=&#8221;2px&#8221; button_one_border_color=&#8221;#6eba01&#8243; button_one_border_radius=&#8221;0&#8243; button_one_letter_spacing=&#8221;2&#8243; button_one_font=&#8221;Montserrat|||on|&#8221; button_one_use_icon=&#8221;off&#8221; custom_button_two=&#8221;on&#8221; button_two_text_size=&#8221;16px&#8221; button_two_border_width=&#8221;2px&#8221; button_two_border_color=&#8221;#ffffff&#8221; button_two_border_radius=&#8221;0&#8243; button_two_letter_spacing=&#8221;2&#8243; button_two_font=&#8221;Montserrat|||on|&#8221; button_two_use_icon=&#8221;off&#8221; width=&#8221;100%&#8221; module_alignment=&#8221;left&#8221; animation_style=&#8221;fade&#8221; button_one_text_color_hover=&#8221;#6eba01&#8243; button_two_text_color_hover=&#8221;#6eba01&#8243; button_one_border_color_hover=&#8221;#ffffff&#8221; button_two_border_color_hover=&#8221;#ffffff&#8221; button_one_border_radius_hover=&#8221;0&#8243; button_two_border_radius_hover=&#8221;0&#8243; button_one_letter_spacing_hover=&#8221;2&#8243; button_two_letter_spacing_hover=&#8221;2&#8243; button_one_bg_color_hover=&#8221;#ffffff&#8221; button_two_bg_color_hover=&#8221;#ffffff&#8221; global_colors_info=&#8221;{}&#8221; button_one_text_size__hover_enabled=&#8221;off&#8221; button_two_text_size__hover_enabled=&#8221;off&#8221; button_one_text_color__hover_enabled=&#8221;on&#8221; button_one_text_color__hover=&#8221;#6eba01&#8243; button_two_text_color__hover_enabled=&#8221;on&#8221; button_two_text_color__hover=&#8221;#6eba01&#8243; button_one_border_width__hover_enabled=&#8221;off&#8221; button_two_border_width__hover_enabled=&#8221;off&#8221; button_one_border_color__hover_enabled=&#8221;on&#8221; button_one_border_color__hover=&#8221;#ffffff&#8221; button_two_border_color__hover_enabled=&#8221;on&#8221; button_two_border_color__hover=&#8221;#ffffff&#8221; button_one_border_radius__hover_enabled=&#8221;on&#8221; button_one_border_radius__hover=&#8221;0&#8243; button_two_border_radius__hover_enabled=&#8221;on&#8221; button_two_border_radius__hover=&#8221;0&#8243; button_one_letter_spacing__hover_enabled=&#8221;on&#8221; button_one_letter_spacing__hover=&#8221;2&#8243; button_two_letter_spacing__hover_enabled=&#8221;on&#8221; button_two_letter_spacing__hover=&#8221;2&#8243; button_one_bg_color__hover_enabled=&#8221;on&#8221; button_one_bg_color__hover=&#8221;#ffffff&#8221; button_two_bg_color__hover_enabled=&#8221;on&#8221; button_two_bg_color__hover=&#8221;#ffffff&#8221;][\/et_pb_fullwidth_header][\/et_pb_section][et_pb_section fb_built=&#8221;1&#8243; admin_label=&#8221;FAQ&#8221; _builder_version=&#8221;4.16&#8243; _module_preset=&#8221;default&#8221; custom_padding=&#8221;90px|0px|90px|0px&#8221; locked=&#8221;off&#8221; global_colors_info=&#8221;{}&#8221;][et_pb_row _builder_version=&#8221;4.19.0&#8243; _module_preset=&#8221;default&#8221; global_colors_info=&#8221;{}&#8221;][et_pb_column type=&#8221;4_4&#8243; _builder_version=&#8221;4.19.0&#8243; _module_preset=&#8221;default&#8221; global_colors_info=&#8221;{}&#8221;][et_pb_gallery gallery_ids=&#8221;475,476,477,471,474,470,469,472&#8243; _builder_version=&#8221;4.19.0&#8243; _module_preset=&#8221;default&#8221; global_colors_info=&#8221;{}&#8221;][\/et_pb_gallery][\/et_pb_column][\/et_pb_row][et_pb_row _builder_version=&#8221;4.17.4&#8243; _module_preset=&#8221;default&#8221; background_size=&#8221;initial&#8221; background_position=&#8221;top_left&#8221; background_repeat=&#8221;repeat&#8221; custom_padding=&#8221;20px|0px|20px|0px|false|false&#8221; global_colors_info=&#8221;{}&#8221;][et_pb_column type=&#8221;4_4&#8243; _builder_version=&#8221;4.16&#8243; _module_preset=&#8221;default&#8221; custom_padding=&#8221;|||&#8221; global_colors_info=&#8221;{}&#8221; custom_padding__hover=&#8221;|||&#8221;][et_pb_text admin_label=&#8221;Question&#8221; _builder_version=&#8221;4.17.4&#8243; _module_preset=&#8221;default&#8221; text_font_size=&#8221;16px&#8221; text_line_height=&#8221;1.9em&#8221; header_font=&#8221;Montserrat|on|||&#8221; header_text_color=&#8221;#1f1f1f&#8221; header_font_size=&#8221;18px&#8221; header_line_height=&#8221;1.4em&#8221; background_size=&#8221;initial&#8221; background_position=&#8221;top_left&#8221; background_repeat=&#8221;repeat&#8221; module_alignment=&#8221;center&#8221; custom_padding=&#8221;0px|||||&#8221; animation_style=&#8221;fold&#8221; animation_direction=&#8221;bottom&#8221; animation_intensity_fold=&#8221;20%&#8221; global_colors_info=&#8221;{}&#8221;]<\/p>\n<p style=\"text-align: justify;\">\n<p style=\"text-align: justify;\">Vlasnik zgrade, odnosno njezina posebnog dijela du\u017ean je: <br \/>\u2022 prije prodaje, iznajmljivanja, davanja u zakup ili davanja na leasing zgrade ili njezinoga posebnog dijela pribaviti energetski certifikat<br \/>\u2022 kupcu, najmoprimcu, zakupcu, odnosno primatelju leasinga predati energetski certifikat ili njegovu fotokopiju<br \/>\u2022 u oglasu za prodaju, iznajmljivanje, davanje u zakup ili davanje na leasing zgrade ili njezina posebnog dijela koji se objavljuje u medijima navesti energetski razred zgrade.<\/p>\n<p style=\"text-align: justify;\">\u0160to je energetski certifikat? Energetski certifikat je dokument koji predo\u010duje energetska svojstva zgrade, a izra\u0111uju ga ovla\u0161tene osobe za energetsko certificiranje \u2013 energetski certifikatori.<br \/>Na svakom energetskom certifikatu nalazi se prikaz energetskog razreda i to s podatkom o specifi\u010dnoj godi\u0161njoj potrebnoj toplinskoj energiji. Zgrade koje imaju lo\u0161ija energetska svojstva, tj. imaju ve\u0107u specifi\u010dnu godi\u0161nju potrebnu toplinsku energiju, dobit \u0107e lo\u0161iju ocjenu, tj. lo\u0161iji energetski razred. Stanovanje u takvim zgradama je skuplje zbog ve\u0107ih tro\u0161kova grijanja, ali i manje ugodno zbog temperaturnih oscilacija. Cilj energetskog certificiranje jest uvid u stanje zgrade, te mogu\u0107e u\u0161tede, iznos ulaganja i povrat investicije.<\/p>\n<p>[\/et_pb_text][et_pb_divider color=&#8221;#E02B20&#8243; divider_weight=&#8221;3px&#8221; disabled_on=&#8221;off|off|off&#8221; _builder_version=&#8221;4.17.4&#8243; _module_preset=&#8221;default&#8221; background_color_gradient_direction=&#8221;90deg&#8221; max_width=&#8221;100px&#8221; module_alignment=&#8221;center&#8221; height=&#8221;5px&#8221; custom_margin=&#8221;0px||20px||false|false&#8221; custom_padding=&#8221;20px||20px||false|false&#8221; animation_style=&#8221;slide&#8221; animation_direction=&#8221;bottom&#8221; saved_tabs=&#8221;all&#8221; locked=&#8221;off&#8221; global_colors_info=&#8221;{}&#8221;]<\/p>\n<h1>Djelatnost upravljanja projektom gradnje obuhva\u0107a sljede\u0107e poslove:<\/h1>\n<p>[\/et_pb_divider][\/et_pb_column][\/et_pb_row][et_pb_row _builder_version=&#8221;4.17.4&#8243; _module_preset=&#8221;default&#8221; background_size=&#8221;initial&#8221; background_position=&#8221;top_left&#8221; background_repeat=&#8221;repeat&#8221; custom_padding=&#8221;0px|0px|20px|0px|false|false&#8221; global_colors_info=&#8221;{}&#8221;][et_pb_column type=&#8221;4_4&#8243; _builder_version=&#8221;4.16&#8243; _module_preset=&#8221;default&#8221; custom_padding=&#8221;|||&#8221; global_colors_info=&#8221;{}&#8221; custom_padding__hover=&#8221;|||&#8221;][et_pb_text admin_label=&#8221;Question&#8221; _builder_version=&#8221;4.19.0&#8243; _module_preset=&#8221;default&#8221; text_font_size=&#8221;16px&#8221; text_line_height=&#8221;1.9em&#8221; header_font=&#8221;Montserrat|on|||&#8221; header_text_color=&#8221;#1f1f1f&#8221; header_font_size=&#8221;18px&#8221; header_line_height=&#8221;1.4em&#8221; background_size=&#8221;initial&#8221; background_position=&#8221;top_left&#8221; background_repeat=&#8221;repeat&#8221; module_alignment=&#8221;center&#8221; custom_padding=&#8221;0px|||||&#8221; animation_style=&#8221;fold&#8221; animation_direction=&#8221;bottom&#8221; animation_intensity_fold=&#8221;20%&#8221; global_colors_info=&#8221;{}&#8221;]<\/p>\n<p style=\"text-align: justify;\">Izdaje se za zgradu, odnosno njezin poseban dio, za koji je potrebno koristiti energiju za odr\u017eavanje unutarnje projektne temperature u skladu s njezinom namjenom, osim za:<br \/>\u2022 zgradu koja se koristi za odr\u017eavanje vjerskih obreda ili vjerskih aktivnosti<br \/>\u2022 privremenu zgradu \u010diji je rok uporabe dvije godine ili manje, industrijsko postrojenje, radionicu i nestambenu poljoprivrednu zgradu s malim energetskim potrebama<br \/>\u2022 stambenu zgradu koja se koristi manje od \u010detiri mjeseca godi\u0161nje<br \/>\u2022 slobodnostoje\u0107u zgradu s ukupnom korisnom povr\u0161inom manjom od 50 m2.<\/p>\n<p>Investitor, odnosno vlasnik zgrade du\u017ean je prije izdavanja uporabne dozvole pribaviti energetski certifikat.<\/p>\n<p>[\/et_pb_text][\/et_pb_column][\/et_pb_row][et_pb_row column_structure=&#8221;1_2,1_2&#8243; _builder_version=&#8221;4.17.4&#8243; _module_preset=&#8221;default&#8221; global_colors_info=&#8221;{}&#8221;][et_pb_column type=&#8221;1_2&#8243; _builder_version=&#8221;4.17.4&#8243; _module_preset=&#8221;default&#8221; global_colors_info=&#8221;{}&#8221;][et_pb_text _builder_version=&#8221;4.19.0&#8243; _module_preset=&#8221;default&#8221; global_colors_info=&#8221;{}&#8221;]<strong>Reference:<\/strong><br \/>\nstamb. zgrada Dr\u017ei\u0107eva 5 (Karlovac)<br \/>\nstamb. zgrada Dr\u017ei\u0107eva 7 (Karlovac)<br \/>\nstamb. zgrada Senjska 4 do 14 (Karlovac)<br \/>\nposlovna zgrada u Vrbovskom<br \/>\nslatkovodni akvarij i muzej rijeka u Karlovcu[\/et_pb_text][\/et_pb_column][et_pb_column type=&#8221;1_2&#8243; _builder_version=&#8221;4.17.4&#8243; _module_preset=&#8221;default&#8221; global_colors_info=&#8221;{}&#8221;][et_pb_text _builder_version=&#8221;4.19.0&#8243; _module_preset=&#8221;default&#8221; global_colors_info=&#8221;{}&#8221;]&nbsp;<br \/>\nposlovna zgrada tvrtke Vodovod i kanalizacija, Karlovac<br \/>\nOp\u0107a bolnica Karlovac \u2013 odlagali\u0161te otpada<br \/>\nposlovna zgrada Reta d.o.o., Karlovac<br \/>\nproizvodne zgrade Kelteks, Karlovac, Krnjak<br \/>\nslatkovodni akvarij i muzej rijeka u Karlovcu[\/et_pb_text][\/et_pb_column][\/et_pb_row][\/et_pb_section]<\/p>\n","protected":false},"excerpt":{"rendered":"<p>Vlasnik zgrade, odnosno njezina posebnog dijela du\u017ean je: \u2022 prije prodaje, iznajmljivanja, davanja u zakup ili davanja na leasing zgrade ili njezinoga posebnog dijela pribaviti energetski certifikat\u2022 kupcu, najmoprimcu, zakupcu, odnosno primatelju leasinga predati energetski certifikat ili njegovu fotokopiju\u2022 u oglasu za prodaju, iznajmljivanje, davanje u zakup ili davanje na leasing zgrade ili njezina posebnog [&hellip;]<\/p>\n","protected":false},"author":1,"featured_media":0,"parent":0,"menu_order":0,"comment_status":"closed","ping_status":"closed","template":"","meta":{"_et_pb_use_builder":"on","_et_pb_old_content":"","_et_gb_content_width":"","footnotes":""},"class_list":["post-305","page","type-page","status-publish","hentry"],"_links":{"self":[{"href":"https:\/\/www.kanova.hr\/index.php?rest_route=\/wp\/v2\/pages\/305"}],"collection":[{"href":"https:\/\/www.kanova.hr\/index.php?rest_route=\/wp\/v2\/pages"}],"about":[{"href":"https:\/\/www.kanova.hr\/index.php?rest_route=\/wp\/v2\/types\/page"}],"author":[{"embeddable":true,"href":"https:\/\/www.kanova.hr\/index.php?rest_route=\/wp\/v2\/users\/1"}],"replies":[{"embeddable":true,"href":"https:\/\/www.kanova.hr\/index.php?rest_route=%2Fwp%2Fv2%2Fcomments&post=305"}],"version-history":[{"count":11,"href":"https:\/\/www.kanova.hr\/index.php?rest_route=\/wp\/v2\/pages\/305\/revisions"}],"predecessor-version":[{"id":489,"href":"https:\/\/www.kanova.hr\/index.php?rest_route=\/wp\/v2\/pages\/305\/revisions\/489"}],"wp:attachment":[{"href":"https:\/\/www.kanova.hr\/index.php?rest_route=%2Fwp%2Fv2%2Fmedia&parent=305"}],"curies":[{"name":"wp","href":"https:\/\/api.w.org\/{rel}","templated":true}]}}